{"id":9945,"date":"2023-10-16T18:47:11","date_gmt":"2023-10-16T16:47:11","guid":{"rendered":"https:\/\/malware2.dev.sebascodes.net\/?page_id=9945"},"modified":"2026-03-24T09:26:52","modified_gmt":"2026-03-24T08:26:52","slug":"orden","status":"publish","type":"page","link":"https:\/\/malware2.dev.sebascodes.net\/?page_id=9945","title":{"rendered":"El Orden que da felicidad &#8211; Formaci\u00f3n para la Vida"},"content":{"rendered":"<p>[et_pb_section fb_built=\u00bb1&#8243; _builder_version=\u00bb4.24.2&#8243; _module_preset=\u00bbdefault\u00bb custom_margin=\u00bb||-42px|||\u00bb global_colors_info=\u00bb{}\u00bb][et_pb_row column_structure=\u00bb1_3,1_3,1_3&#8243; _builder_version=\u00bb4.27.4&#8243; _module_preset=\u00bbdefault\u00bb global_colors_info=\u00bb{}\u00bb][et_pb_column type=\u00bb1_3&#8243; _builder_version=\u00bb4.24.2&#8243; _module_preset=\u00bbdefault\u00bb global_colors_info=\u00bb{}\u00bb][et_pb_button button_url=\u00bbhttps:\/\/forms.gle\/quCr4yFZYyckhpzd6&#8243; button_text=\u00bbM\u00e1s informaci\u00f3n\u00bb _builder_version=\u00bb4.24.2&#8243; _module_preset=\u00bbdefault\u00bb custom_button=\u00bbon\u00bb button_text_color=\u00bb#FFFFFF\u00bb button_bg_color=\u00bb#0C71C3&#8243; background_layout=\u00bbdark\u00bb custom_margin=\u00bb||11px|||\u00bb custom_padding=\u00bb||13px|||\u00bb global_colors_info=\u00bb{}\u00bb][\/et_pb_button][\/et_pb_column][et_pb_column type=\u00bb1_3&#8243; _builder_version=\u00bb4.27.4&#8243; _module_preset=\u00bbdefault\u00bb global_colors_info=\u00bb{}\u00bb][et_pb_button button_url=\u00bbhttps:\/\/forms.gle\/NRDCNWJsAn9eWCCh8&#8243; button_text=\u00bbINSCRIBIRME\u00bb _builder_version=\u00bb4.27.4&#8243; _module_preset=\u00bbdefault\u00bb custom_button=\u00bbon\u00bb button_text_color=\u00bb#FFFFFF\u00bb button_bg_color=\u00bb#E09900&#8243; background_layout=\u00bbdark\u00bb global_colors_info=\u00bb{}\u00bb][\/et_pb_button][\/et_pb_column][et_pb_column type=\u00bb1_3&#8243; _builder_version=\u00bb4.24.2&#8243; _module_preset=\u00bbdefault\u00bb global_colors_info=\u00bb{}\u00bb][et_pb_button button_url=\u00bbhttps:\/\/www.impulsistemic.com\/cursos\/orden\/\u00bb button_text=\u00bbSoy Alumno  &#8211; Acceso\u00bb _builder_version=\u00bb4.27.5&#8243; _module_preset=\u00bbdefault\u00bb global_colors_info=\u00bb{}\u00bb][\/et_pb_button][\/et_pb_column][\/et_pb_row][et_pb_row _builder_version=\u00bb4.24.2&#8243; _module_preset=\u00bbdefault\u00bb global_colors_info=\u00bb{}\u00bb][et_pb_column type=\u00bb4_4&#8243; _builder_version=\u00bb4.24.2&#8243; _module_preset=\u00bbdefault\u00bb global_colors_info=\u00bb{}\u00bb][et_pb_text _builder_version=\u00bb4.27.4&#8243; _module_preset=\u00bbdefault\u00bb global_colors_info=\u00bb{}\u00bb]<\/p>\n<h2><span style=\"color: #3366ff;\"><\/span><\/h2>\n<h2><span style=\"color: #3366ff;\"><\/span><\/h2>\n<h1><strong><span style=\"color: #e09900;\">Inscripciones Abiertas<\/span><\/strong><span style=\"color: #3366ff;\"><\/span><\/h1>\n<h2><span style=\"color: #3366ff;\"><\/span><\/h2>\n<h2><span style=\"color: #3366ff;\"><\/span>Inicio Nov 2026<\/h2>\n<p>&nbsp;<\/p>\n<h2><span style=\"color: #3366ff;\">\u00abEste viaje marcar\u00e1 un antes y un despu\u00e9s en tu forma de mirarte y de mirar la vida. Una forma distinta de encontrarte contigo y con el mundo.\u00bb <\/span><\/h2>\n<h2><span style=\"color: #3366ff;\"><span>Programa de trabajo personal y Mentor\u00eda Personalizada con Joan Corbal\u00e1n.<\/span><\/span><\/h2>\n<p>&nbsp;<\/p>\n<p><strong><\/strong><\/p>\n<h2><strong>Vivir es Priorizar, Priorizar es decidir. \u00bfTe atreves a encontrar tu propio orden?<\/strong><\/h2>\n<p>[\/et_pb_text][\/et_pb_column][\/et_pb_row][et_pb_row _builder_version=\u00bb4.24.2&#8243; _module_preset=\u00bbdefault\u00bb global_colors_info=\u00bb{}\u00bb][et_pb_column type=\u00bb4_4&#8243; _builder_version=\u00bb4.24.2&#8243; _module_preset=\u00bbdefault\u00bb global_colors_info=\u00bb{}\u00bb][et_pb_text _builder_version=\u00bb4.24.2&#8243; _module_preset=\u00bbdefault\u00bb global_colors_info=\u00bb{}\u00bb]<\/p>\n<p style=\"font-weight: 400;\"><span style=\"color: #0c71c3;\"><strong>\u00a0<\/strong><span style=\"font-size: large;\"><strong>\u00bfEs para ti?<\/strong><\/span><\/span><\/p>\n<ul style=\"font-weight: 400;\">\n<li><strong>SI buscan herramientas personales para ser m\u00e1s feliz.<\/strong><\/li>\n<li><strong>SI<\/strong>\u00a0quieres<strong>\u00a0Auto Descubrirte.<\/strong><\/li>\n<li><strong>SI no sabes qu\u00e9 es esto del \u201ctrabajo personal\u201d o al contrario: has realizado mil formaciones:<\/strong><\/li>\n<li><strong>Y Sienten que tienen dificultades o bloqueos que no consigues resolver<\/strong>.<\/li>\n<li><strong>SI quieres trabajar<\/strong>\u00a0y revisar asuntos de pareja, familia, hijos, trabajo, vocaci\u00f3n, dinero.<\/li>\n<li><strong>Para profesionales<\/strong>\u00a0que trabajan en y por<span>\u00a0<\/span><span>el<\/span><span>\u00a0<\/span>desarrollo y crecimiento personal o educativo.<\/li>\n<li><strong>Para emprendedores o directivos<\/strong>\u00a0que buscan un espacio de transformaci\u00f3n personal.<\/li>\n<\/ul>\n<p>[\/et_pb_text][\/et_pb_column][\/et_pb_row][et_pb_row column_structure=\u00bb1_2,1_2&#8243; _builder_version=\u00bb4.24.2&#8243; _module_preset=\u00bbdefault\u00bb global_colors_info=\u00bb{}\u00bb][et_pb_column type=\u00bb1_2&#8243; _builder_version=\u00bb4.24.2&#8243; _module_preset=\u00bbdefault\u00bb global_colors_info=\u00bb{}\u00bb][et_pb_testimonial author=\u00bb8 M\u00f3dulos Completos\u00bb portrait_width=\u00bb1px\u00bb _builder_version=\u00bb4.27.4&#8243; _module_preset=\u00bbdefault\u00bb global_colors_info=\u00bb{}\u00bb]<\/p>\n<h3><span>8 m\u00f3dulos pr\u00e1cticos, en los que se realizar\u00e1 un viaje profundo a los aspectos fundamentales que conforman la vida de cada participante a trav\u00e9s de la mirada sist\u00e9mica, gestalt, din\u00e1mica corporales y trabajo propio.\u00a0<\/span><\/h3>\n<p>[\/et_pb_testimonial][\/et_pb_column][et_pb_column type=\u00bb1_2&#8243; _builder_version=\u00bb4.24.2&#8243; _module_preset=\u00bbdefault\u00bb global_colors_info=\u00bb{}\u00bb][et_pb_testimonial author=\u00bblas 8 \u00e1reas claves en la vida\u00bb portrait_url=\u00bbdata:image\/svg+xml;base64,PHN2ZyB3aWR0aD0iNTAwIiBoZWlnaHQ9IjUwMCIgdmlld0JveD0iMCAwIDUwMCA1MDAiIHhtbG5zPSJodHRwOi8vd3d3LnczLm9yZy8yMDAwL3N2ZyI+CiAgICA8ZyBmaWxsPSJub25lIiBmaWxsLXJ1bGU9ImV2ZW5vZGQiPgogICAgICAgIDxwYXRoIGZpbGw9IiNFQkVCRUIiIGQ9Ik0wIDBoNTAwdjUwMEgweiIvPgogICAgICAgIDxyZWN0IGZpbGwtb3BhY2l0eT0iLjEiIGZpbGw9IiMwMDAiIHg9IjY4IiB5PSIzMDUiIHdpZHRoPSIzNjQiIGhlaWdodD0iNTY4IiByeD0iMTgyIi8+CiAgICAgICAgPGNpcmNsZSBmaWxsLW9wYWNpdHk9Ii4xIiBmaWxsPSIjMDAwIiBjeD0iMjQ5IiBjeT0iMTcyIiByPSIxMDAiLz4KICAgIDwvZz4KPC9zdmc+Cg==\u00bb portrait_width=\u00bb1px\u00bb _builder_version=\u00bb4.27.4&#8243; _module_preset=\u00bbdefault\u00bb global_colors_info=\u00bb{}\u00bb]<\/p>\n<ul>\n<li><strong>Familia de Origen<\/strong><\/li>\n<li><strong>Engrama y Car\u00e1cter<\/strong><\/li>\n<li><strong>Lo Personal<\/strong><\/li>\n<li><strong>Pareja y relaciones<\/strong><\/li>\n<li><strong>Maternidad\/Paternidad<\/strong><\/li>\n<li><strong>Vocaci\u00f3n, Profesi\u00f3n y Dinero<\/strong><\/li>\n<li><strong>V\u00ednculos y amistades<\/strong><\/li>\n<li><strong>Mi lugar en el mundo<\/strong><\/li>\n<\/ul>\n<p>[\/et_pb_testimonial][\/et_pb_column][\/et_pb_row][\/et_pb_section][et_pb_section fb_built=\u00bb1&#8243; _builder_version=\u00bb4.24.2&#8243; _module_preset=\u00bbdefault\u00bb global_colors_info=\u00bb{}\u00bb][et_pb_row column_structure=\u00bb1_2,1_2&#8243; _builder_version=\u00bb4.24.2&#8243; _module_preset=\u00bbdefault\u00bb global_colors_info=\u00bb{}\u00bb][et_pb_column type=\u00bb1_2&#8243; _builder_version=\u00bb4.24.2&#8243; _module_preset=\u00bbdefault\u00bb global_colors_info=\u00bb{}\u00bb][et_pb_video src=\u00bbhttps:\/\/youtu.be\/VocMvkHut_0?si=5E6rrg-UXAqHj3sH\u00bb _builder_version=\u00bb4.24.2&#8243; _module_preset=\u00bbdefault\u00bb global_colors_info=\u00bb{}\u00bb][\/et_pb_video][\/et_pb_column][et_pb_column type=\u00bb1_2&#8243; _builder_version=\u00bb4.24.2&#8243; _module_preset=\u00bbdefault\u00bb global_colors_info=\u00bb{}\u00bb][et_pb_video src=\u00bbhttps:\/\/youtu.be\/Z1KDAuzEzn4?si=fIfwtaDFE9xJOwqQ\u00bb _builder_version=\u00bb4.24.2&#8243; _module_preset=\u00bbdefault\u00bb global_colors_info=\u00bb{}\u00bb][\/et_pb_video][\/et_pb_column][\/et_pb_row][et_pb_row _builder_version=\u00bb4.24.2&#8243; _module_preset=\u00bbdefault\u00bb global_colors_info=\u00bb{}\u00bb][et_pb_column type=\u00bb4_4&#8243; _builder_version=\u00bb4.24.2&#8243; _module_preset=\u00bbdefault\u00bb global_colors_info=\u00bb{}\u00bb][et_pb_divider show_divider=\u00bboff\u00bb _builder_version=\u00bb4.24.2&#8243; _module_preset=\u00bbdefault\u00bb global_colors_info=\u00bb{}\u00bb][\/et_pb_divider][\/et_pb_column][\/et_pb_row][et_pb_row _builder_version=\u00bb4.24.2&#8243; _module_preset=\u00bbdefault\u00bb custom_margin=\u00bb|auto|-34px|auto||\u00bb global_colors_info=\u00bb{}\u00bb][et_pb_column type=\u00bb4_4&#8243; _builder_version=\u00bb4.24.2&#8243; _module_preset=\u00bbdefault\u00bb global_colors_info=\u00bb{}\u00bb][et_pb_text _builder_version=\u00bb4.24.2&#8243; _module_preset=\u00bbdefault\u00bb global_colors_info=\u00bb{}\u00bb]<\/p>\n<p style=\"font-weight: 400;\"><span style=\"font-size: large; color: #0c71c3;\"><strong>Emprende Ahora\u00a0tu viaje de Transformaci\u00f3n Integral<\/strong><\/span><\/p>\n<p style=\"font-weight: 400;\"><span style=\"font-size: large; color: #0c71c3;\"><strong>\u00a0<\/strong><strong>\u00bfQuieres realizar un trabajo aut\u00e9ntico y profundo contigo y tu vida?<\/strong><\/span><\/p>\n<p style=\"font-weight: 400;\"><strong><span style=\"font-size: large; color: #0c71c3;\">\u00bfQu\u00e9 vas a trabajar?<\/span><\/strong><span style=\"font-size: large; color: #0c71c3;\">\u00a0<\/span><\/p>\n<ul style=\"font-weight: 400;\">\n<li><strong>Creencias Limitantes\u00a0y Dificultades con los nuestros y\u00a0nuestro ni\u00f1o Interno.<\/strong><\/li>\n<li><strong>Familia de Origen:\u00a0Nuestra relaci\u00f3n con Pap\u00e1 y Mam\u00e1. Nuestros v\u00ednculos familiares.<\/strong><\/li>\n<li><strong>Lo Personal: Mi relaci\u00f3n conmigo.\u00a0\u00bfQu\u00e9 lugar ocupo en mi vida?<\/strong><\/li>\n<li><strong>\u00bfC\u00f3mo cuido de M\u00ed y de mis necesidades?<\/strong><\/li>\n<li>Qu\u00e9 relaci\u00f3n tengo con la\u00a0sexualidad\u00a0propia y compartida.<\/li>\n<li><strong>Meditaci\u00f3n, Salud y Espacio personal: todo empieza aqu\u00ed.<\/strong><\/li>\n<li><strong>Sanar mis relaciones de Pareja y elegir qu\u00e9 quiero\u00a0en Pareja.<\/strong><\/li>\n<li>C\u00f3mo construir un futuro compartido con la Pareja: Dificultades y regalos.<\/li>\n<li><strong>Maternidad y Paternidad:\u00a0Qu\u00e9 lugar ocupo como Padre o Madre: mis hijos\u00a0y mi vida<\/strong><\/li>\n<li><strong>Talentos, Vocaci\u00f3n y Permisos Para SER.<\/strong><\/li>\n<li><strong>Sanar y desbloquear asuntos profesionales y de dinero.<\/strong><\/li>\n<li>Tomar mi vocaci\u00f3n para construir una\u00a0Vocaci\u00f3n Profesional: Mi \u00e1rea de Desarrollo.<\/li>\n<li><strong>Sentirme presente y pleno en mi vida y con mis v\u00ednculos personales.<\/strong><\/li>\n<li><strong>Descubrir qu\u00e9 quiero de M\u00ed y de Mi propia Vida.<\/strong><\/li>\n<\/ul>\n<p style=\"font-weight: 400;\"><span style=\"font-size: large; color: #0c71c3;\"><strong>\u00a0<\/strong><strong>\u00bfQu\u00e9 Formatos tiene la formaci\u00f3n?<\/strong><strong>\u00a0<\/strong><\/span><\/p>\n<ul style=\"font-weight: 400;\">\n<li><strong>Formato Presencial en Barcelona:\u00a0<\/strong>Un fin de semana al mes.\u00a0<\/li>\n<li>Puedes recuperar<span>\u00a0<\/span><span>el<\/span><span>\u00a0<\/span>m\u00f3dulo en cualquier otra edici\u00f3n o en formato online.<\/li>\n<li><strong>Formato Internacional \u2013 Online en Directo 2 sesiones al mes.<\/strong><\/li>\n<\/ul>\n<p><strong style=\"color: #0c71c3; font-size: x-large;\"><\/strong><\/p>\n<p><strong style=\"color: #0c71c3; font-size: x-large;\">Lugar: Crisol Sala \u2013 Barcelona.<\/strong><\/p>\n<ul>\n<li style=\"font-weight: 400;\"><b>Un fin de semana al mes (s\u00e1bado y domingo)<\/b><\/li>\n<li style=\"font-weight: 400;\"><em><b>Se puede recuperar cualquier m\u00f3dulo en la siguiente edici\u00f3n (sin costes extras)<\/b><\/em><\/li>\n<li><b>Crisol Sala &#8211; Al lado de Sagrada Familia \/ Monumental.<\/b><\/li>\n<\/ul>\n<p><b><\/b><\/p>\n<p><strong style=\"color: #0c71c3; font-size: x-large;\">Formato Internacional (Online en directo)<\/strong><\/p>\n<ul>\n<li><strong>Formato Internacional \u2013 Online en Directo 2 sesiones al mes.<\/strong><\/li>\n<li style=\"font-weight: 400;\">Entre semana 2 horas de trabajo grupal en directo: Contenidos, pr\u00e1cticas, din\u00e1micas, constelaciones.<\/li>\n<\/ul>\n<p style=\"font-weight: 400;\">\n[\/et_pb_text][\/et_pb_column][\/et_pb_row][\/et_pb_section][et_pb_section fb_built=\u00bb1&#8243; _builder_version=\u00bb4.24.2&#8243; _module_preset=\u00bbdefault\u00bb custom_padding=\u00bb14px|||||\u00bb global_colors_info=\u00bb{}\u00bb][et_pb_row _builder_version=\u00bb4.24.2&#8243; _module_preset=\u00bbdefault\u00bb global_colors_info=\u00bb{}\u00bb][et_pb_column type=\u00bb4_4&#8243; _builder_version=\u00bb4.24.2&#8243; _module_preset=\u00bbdefault\u00bb global_colors_info=\u00bb{}\u00bb][et_pb_text _builder_version=\u00bb4.24.2&#8243; _module_preset=\u00bbdefault\u00bb global_colors_info=\u00bb{}\u00bb]<\/p>\n<h2><strong>Nuestros alumnos:\u00a0<em>\u00danica,\u00a0Imprescindible\u00a0y Definitiva<\/em>.<\/strong><\/h2>\n<p>[\/et_pb_text][et_pb_code _builder_version=\u00bb4.24.2&#8243; _module_preset=\u00bbdefault\u00bb global_colors_info=\u00bb{}\u00bb][trustindex no-registration=google][\/et_pb_code][\/et_pb_column][\/et_pb_row][\/et_pb_section][et_pb_section fb_built=\u00bb1&#8243; _builder_version=\u00bb4.27.4&#8243; _module_preset=\u00bbdefault\u00bb global_colors_info=\u00bb{}\u00bb][et_pb_row column_structure=\u00bb1_3,1_3,1_3&#8243; _builder_version=\u00bb4.27.4&#8243; _module_preset=\u00bbdefault\u00bb min_height=\u00bb708.2px\u00bb global_colors_info=\u00bb{}\u00bb][et_pb_column type=\u00bb1_3&#8243; _builder_version=\u00bb4.27.4&#8243; _module_preset=\u00bbdefault\u00bb global_colors_info=\u00bb{}\u00bb][et_pb_testimonial author=\u00bbEmma Pardos\u00bb _builder_version=\u00bb4.27.4&#8243; _module_preset=\u00bbdefault\u00bb global_colors_info=\u00bb{}\u00bb]<\/p>\n<p><span>Tras acabar el curso del orden que da la felicidad solo decir que <strong>gracias, gracias, gracias.<\/strong><\/span><\/p>\n<p><span><strong>Es un curso que deber\u00edamos hacerlo todos<\/strong>, ya que te ayuda a conocerte desde la mirada sist\u00e9mica y ver como superar tus frenos que no dejaban avanzar desde el amor. Joan y todo su equipo hacen muy f\u00e1cil lo que ha sido dif\u00edcil e incomprensible hasta ahora, con su gran profesionalidad, dedicaci\u00f3n y ternura, gracias, maestros.<\/span><\/p>\n<p>[\/et_pb_testimonial][\/et_pb_column][et_pb_column type=\u00bb1_3&#8243; _builder_version=\u00bb4.27.4&#8243; _module_preset=\u00bbdefault\u00bb global_colors_info=\u00bb{}\u00bb][et_pb_testimonial author=\u00bbAlbert P\u00e9rez\u00bb _builder_version=\u00bb4.27.4&#8243; _module_preset=\u00bbdefault\u00bb global_colors_info=\u00bb{}\u00bb]<\/p>\n<p><span>De todos los a\u00f1os que llevo trabajando en mi desarrollo personal y profesional, <strong>sin duda, de las mejores escuelas. La experiencia, el m\u00e9todo y el cari\u00f1o que pone Joan en sus formaciones genera un contexto que te transforma.<\/strong> Por otro lado, valoro mucho el magnetismo de personas tan buenas y potentes en cada formaci\u00f3n. En proceso \u00fanico para la vida.<\/span><\/p>\n<p>[\/et_pb_testimonial][\/et_pb_column][et_pb_column type=\u00bb1_3&#8243; _builder_version=\u00bb4.27.4&#8243; _module_preset=\u00bbdefault\u00bb global_colors_info=\u00bb{}\u00bb][et_pb_testimonial author=\u00bbPablo Castells\u00bb _builder_version=\u00bb4.27.4&#8243; _module_preset=\u00bbdefault\u00bb global_colors_info=\u00bb{}\u00bb]<\/p>\n<p><span><strong>Joan es un profesional incre\u00edble, un aut\u00e9ntico maestro<\/strong> en la terapia sist\u00e9mica y las constelaciones. Aprendi\u00f3 de la Fuente y eso juntos, sus virtudes y habilidades, hacen de este un lugar donde puedes ir tranquilisimamente a resolver temas personales, familiares o de tu organizaci\u00f3n.\u00a0 Un Maestro.<\/span><\/p>\n<p>[\/et_pb_testimonial][\/et_pb_column][\/et_pb_row][\/et_pb_section][et_pb_section fb_built=\u00bb1&#8243; _builder_version=\u00bb4.24.2&#8243; _module_preset=\u00bbdefault\u00bb global_colors_info=\u00bb{}\u00bb][et_pb_row column_structure=\u00bb1_3,1_3,1_3&#8243; _builder_version=\u00bb4.27.4&#8243; _module_preset=\u00bbdefault\u00bb global_colors_info=\u00bb{}\u00bb][et_pb_column type=\u00bb1_3&#8243; _builder_version=\u00bb4.27.4&#8243; _module_preset=\u00bbdefault\u00bb global_colors_info=\u00bb{}\u00bb][et_pb_button button_url=\u00bbhttps:\/\/forms.gle\/NRDCNWJsAn9eWCCh8&#8243; button_text=\u00bbINSCRIBIRME\u00bb _builder_version=\u00bb4.27.4&#8243; _module_preset=\u00bbdefault\u00bb custom_button=\u00bbon\u00bb button_text_color=\u00bb#FFFFFF\u00bb button_bg_color=\u00bb#E09900&#8243; background_layout=\u00bbdark\u00bb global_colors_info=\u00bb{}\u00bb][\/et_pb_button][\/et_pb_column][et_pb_column type=\u00bb1_3&#8243; _builder_version=\u00bb4.24.2&#8243; _module_preset=\u00bbdefault\u00bb global_colors_info=\u00bb{}\u00bb][et_pb_button button_url=\u00bbhttps:\/\/forms.gle\/quCr4yFZYyckhpzd6&#8243; button_text=\u00bbM\u00e1s informaci\u00f3n\u00bb _builder_version=\u00bb4.24.2&#8243; _module_preset=\u00bbdefault\u00bb custom_button=\u00bbon\u00bb button_text_color=\u00bb#FFFFFF\u00bb button_bg_color=\u00bb#0C71C3&#8243; background_layout=\u00bbdark\u00bb custom_padding=\u00bb||12px|||\u00bb global_colors_info=\u00bb{}\u00bb][\/et_pb_button][\/et_pb_column][et_pb_column type=\u00bb1_3&#8243; _builder_version=\u00bb4.24.2&#8243; _module_preset=\u00bbdefault\u00bb global_colors_info=\u00bb{}\u00bb][et_pb_button button_url=\u00bbhttps:\/\/malware2.dev.sebascodes.net\/courses\/el-orden-que-da-felicidad\/\u00bb button_text=\u00bbSoy Alumno  &#8211; Acceso\u00bb _builder_version=\u00bb4.24.2&#8243; _module_preset=\u00bbdefault\u00bb global_colors_info=\u00bb{}\u00bb][\/et_pb_button][\/et_pb_column][\/et_pb_row][et_pb_row _builder_version=\u00bb4.24.2&#8243; _module_preset=\u00bbdefault\u00bb min_height=\u00bb125.2px\u00bb custom_padding=\u00bb21px|||||\u00bb global_colors_info=\u00bb{}\u00bb][et_pb_column type=\u00bb4_4&#8243; _builder_version=\u00bb4.24.2&#8243; _module_preset=\u00bbdefault\u00bb global_colors_info=\u00bb{}\u00bb][\/et_pb_column][\/et_pb_row][\/et_pb_section][et_pb_section fb_built=\u00bb1&#8243; _builder_version=\u00bb4.24.2&#8243; _module_preset=\u00bbdefault\u00bb global_colors_info=\u00bb{}\u00bb][et_pb_row _builder_version=\u00bb4.27.4&#8243; _module_preset=\u00bbdefault\u00bb global_colors_info=\u00bb{}\u00bb][et_pb_column type=\u00bb4_4&#8243; _builder_version=\u00bb4.27.4&#8243; _module_preset=\u00bbdefault\u00bb global_colors_info=\u00bb{}\u00bb][et_pb_video src=\u00bbhttps:\/\/vimeo.com\/1133071521?fl=ip&#038;fe=ec\u00bb _builder_version=\u00bb4.27.4&#8243; _module_preset=\u00bbdefault\u00bb global_colors_info=\u00bb{}\u00bb][\/et_pb_video][\/et_pb_column][\/et_pb_row][\/et_pb_section]<\/p>\n","protected":false},"excerpt":{"rendered":"<p>M\u00e1s informaci\u00f3n&#8230;<\/p>\n","protected":false},"author":1,"featured_media":0,"parent":0,"menu_order":0,"comment_status":"closed","ping_status":"closed","template":"","meta":{"_et_pb_use_builder":"on","_et_pb_old_content":"<!-- wp:buttons {\"layout\":{\"type\":\"flex\",\"justifyContent\":\"center\"}} -->\n<div class=\"wp-block-buttons\"><!-- wp:button -->\n<div class=\"wp-block-button\"><a class=\"wp-block-button__link wp-element-button\" href=\"https:\/\/malware2.dev.sebascodes.net\/courses\/el-orden-que-da-felicidad\/\"><mark style=\"background-color:rgba(0, 0, 0, 0)\" class=\"has-inline-color has-white-color\">Soy Alumno - Acceder al Contenido Online<\/mark><\/a><\/div>\n<!-- \/wp:button --><\/div>\n<!-- \/wp:buttons -->\n\n<!-- wp:paragraph -->\n<p><\/p>\n<!-- \/wp:paragraph -->\n\n<!-- wp:html \/-->","_et_gb_content_width":"","footnotes":""},"class_list":["post-9945","page","type-page","status-publish","hentry"],"_links":{"self":[{"href":"https:\/\/malware2.dev.sebascodes.net\/index.php?rest_route=\/wp\/v2\/pages\/9945","targetHints":{"allow":["GET"]}}],"collection":[{"href":"https:\/\/malware2.dev.sebascodes.net\/index.php?rest_route=\/wp\/v2\/pages"}],"about":[{"href":"https:\/\/malware2.dev.sebascodes.net\/index.php?rest_route=\/wp\/v2\/types\/page"}],"author":[{"embeddable":true,"href":"https:\/\/malware2.dev.sebascodes.net\/index.php?rest_route=\/wp\/v2\/users\/1"}],"replies":[{"embeddable":true,"href":"https:\/\/malware2.dev.sebascodes.net\/index.php?rest_route=%2Fwp%2Fv2%2Fcomments&post=9945"}],"version-history":[{"count":55,"href":"https:\/\/malware2.dev.sebascodes.net\/index.php?rest_route=\/wp\/v2\/pages\/9945\/revisions"}],"predecessor-version":[{"id":16858,"href":"https:\/\/malware2.dev.sebascodes.net\/index.php?rest_route=\/wp\/v2\/pages\/9945\/revisions\/16858"}],"wp:attachment":[{"href":"https:\/\/malware2.dev.sebascodes.net\/index.php?rest_route=%2Fwp%2Fv2%2Fmedia&parent=9945"}],"curies":[{"name":"wp","href":"https:\/\/api.w.org\/{rel}","templated":true}]}}